{"id":3136,"date":"2021-10-23T11:00:12","date_gmt":"2021-10-23T11:00:12","guid":{"rendered":"https:\/\/dehesaelmilagro.bio\/news\/"},"modified":"2022-02-10T13:36:52","modified_gmt":"2022-02-10T13:36:52","slug":"news","status":"publish","type":"page","link":"https:\/\/dehesaelmilagro.bio\/en\/news\/","title":{"rendered":"News"},"content":{"rendered":"<div class=\"fusion-fullwidth fullwidth-box fusion-builder-row-1 fusion-flex-container nonhundred-percent-fullwidth non-hundred-percent-height-scrolling\" style=\"--link_hover_color: #000000;--link_color: #e61f12;--awb-border-radius-top-left:0px;--awb-border-radius-top-right:0px;--awb-border-radius-bottom-right:0px;--awb-border-radius-bottom-left:0px;--awb-padding-top:120px;--awb-padding-bottom:20px;--awb-padding-top-medium:60px;--awb-padding-bottom-medium:0px;--awb-padding-top-small:60px;--awb-padding-bottom-small:0px;--awb-background-color:#fff9f3;\" ><div class=\"fusion-builder-row fusion-row fusion-flex-align-items-stretch\" style=\"max-width:1323px;margin-left: calc(-5% \/ 2 );margin-right: calc(-5% \/ 2 );\"><div class=\"fusion-layout-column fusion_builder_column fusion-builder-column-0 fusion_builder_column_1_1 1_1 fusion-flex-column\" style=\"--awb-bg-size:cover;--awb-width-large:100%;--awb-margin-top-large:0px;--awb-spacing-right-large:2.375%;--awb-margin-bottom-large:20px;--awb-spacing-left-large:2.375%;--awb-width-medium:100%;--awb-order-medium:0;--awb-spacing-right-medium:2.375%;--awb-spacing-left-medium:2.375%;--awb-width-small:100%;--awb-order-small:0;--awb-spacing-right-small:2.375%;--awb-spacing-left-small:2.375%;\"><div class=\"fusion-column-wrapper fusion-column-has-shadow fusion-flex-justify-content-flex-start fusion-content-layout-column\"><div class=\"fusion-blog-shortcode fusion-blog-shortcode-1 fusion-blog-archive fusion-blog-layout-grid-wrapper fusion-blog-pagination\"><style type=\"text\/css\">.fusion-blog-shortcode-1 .fusion-blog-layout-grid .fusion-post-grid{padding:30px;}.fusion-blog-shortcode-1 .fusion-posts-container{margin-left: -30px !important; margin-right:-30px !important;}<\/style><div class=\"fusion-posts-container fusion-posts-container-pagination fusion-blog-rollover fusion-blog-layout-grid fusion-blog-layout-grid-3 isotope fusion-blog-equal-heights\" data-pages=\"1\" data-grid-col-space=\"60\" style=\"margin: -30px -30px 0;min-height:500px;\"><article id=\"blog-1-post-3363\" class=\"fusion-post-grid post-3363 post type-post status-publish format-standard has-post-thumbnail hentry category-uncategorized\">\n<div class=\"fusion-post-wrapper\" style=\"background-color:rgba(255,249,243,0);border:none;\">\n\n\t\t\t<div class=\"fusion-flexslider flexslider fusion-flexslider-loading fusion-post-slideshow\" style=\"border-color:rgba(255,255,255,0);\">\n\t\t<ul class=\"slides\">\n\t\t\t\n\t\t\t\t\t\t\t\t\t\t\t\t\t\t<li><div  class=\"fusion-image-wrapper\" aria-haspopup=\"true\">\n\t\t\t\t<img decoding=\"async\" width=\"1000\" height=\"567\" src=\"https:\/\/dehesaelmilagro.bio\/wp-content\/uploads\/2020\/07\/58.jpg\" class=\"attachment-full size-full lazyload wp-post-image\" alt=\"\" srcset=\"data:image\/svg+xml,%3Csvg%20xmlns%3D%27http%3A%2F%2Fwww.w3.org%2F2000%2Fsvg%27%20width%3D%271000%27%20height%3D%27567%27%20viewBox%3D%270%200%201000%20567%27%3E%3Crect%20width%3D%271000%27%20height%3D%27567%27%20fill-opacity%3D%220%22%2F%3E%3C%2Fsvg%3E\" data-orig-src=\"https:\/\/dehesaelmilagro.bio\/wp-content\/uploads\/2020\/07\/58.jpg\" data-srcset=\"https:\/\/dehesaelmilagro.bio\/wp-content\/uploads\/2020\/07\/58-200x113.jpg 200w, https:\/\/dehesaelmilagro.bio\/wp-content\/uploads\/2020\/07\/58-400x227.jpg 400w, https:\/\/dehesaelmilagro.bio\/wp-content\/uploads\/2020\/07\/58-600x340.jpg 600w, https:\/\/dehesaelmilagro.bio\/wp-content\/uploads\/2020\/07\/58-800x454.jpg 800w, https:\/\/dehesaelmilagro.bio\/wp-content\/uploads\/2020\/07\/58.jpg 1000w\" data-sizes=\"auto\" \/><div class=\"fusion-rollover\">\n\t<div class=\"fusion-rollover-content\">\n\n\t\t\t\t\t\t\t\t\t\t\t\t\t\t<a class=\"fusion-rollover-link\" href=\"https:\/\/dehesaelmilagro.bio\/en\/entrevista-con-onda-cero-en-dehesa-el-milagro\/\">Entrevista con Onda Cero en Dehesa el Milagro<\/a>\n\t\t\t\n\t\t\t\t\t\t\t\t\n\t\t\n\t\t\t\t\t\t\t\t\t\t\t\t<h4 class=\"fusion-rollover-title\">\n\t\t\t\t\t<a class=\"fusion-rollover-title-link\" href=\"https:\/\/dehesaelmilagro.bio\/en\/entrevista-con-onda-cero-en-dehesa-el-milagro\/\">\n\t\t\t\t\t\tEntrevista con Onda Cero en Dehesa el Milagro\t\t\t\t\t<\/a>\n\t\t\t\t<\/h4>\n\t\t\t\n\t\t\t\t\t\t\t\t\n\t\t\n\t\t\t\t\t\t<a class=\"fusion-link-wrapper\" href=\"https:\/\/dehesaelmilagro.bio\/en\/entrevista-con-onda-cero-en-dehesa-el-milagro\/\" aria-label=\"Entrevista con Onda Cero en Dehesa el Milagro\"><\/a>\n\t<\/div>\n<\/div>\n<\/div>\n<\/li>\n\t\t\t\n\t\t\t\n\t\t\t\t\t\t\t\t\t\t\t\t\t\t\t\t\t\t\t\t\t\t\t\t\t\t\t\t\t\t\t\t\t\t\t\t\t\t\t\t\t\t\t\t\t\t\t\t\t\t\t\t\t\t\t\t\t\t\t\t\t\t\t\t\t\t\t\t<\/ul>\n\t<\/div>\n\t<div class=\"fusion-post-content-wrapper\" style=\"padding:60px 60px 60px 0;\"><div class=\"fusion-post-content post-content\"><h2 class=\"blog-shortcode-post-title entry-title\"><a href=\"https:\/\/dehesaelmilagro.bio\/en\/entrevista-con-onda-cero-en-dehesa-el-milagro\/\">Entrevista con Onda Cero en Dehesa el Milagro<\/a><\/h2><span class=\"vcard\" style=\"display: none;\"><span class=\"fn\"><a href=\"https:\/\/dehesaelmilagro.bio\/en\/author\/boceto\/\" title=\"Posts by boceto\" rel=\"author\">boceto<\/a><\/span><\/span><span class=\"updated\" style=\"display:none;\">2022-02-15T09:34:14+00:00<\/span><div class=\"fusion-content-sep sep-none\"><\/div><div class=\"fusion-post-content-container\"><p>Entrevista a la Presidenta y los responsables t\u00e9cnicos, de la granja y del obrador.<\/p><\/div><\/div><div class=\"fusion-meta-info\"><div class=\"fusion-alignleft\"><a class=\"fusion-read-more\" href=\"https:\/\/dehesaelmilagro.bio\/en\/entrevista-con-onda-cero-en-dehesa-el-milagro\/\" aria-label=\"More on Entrevista con Onda Cero en Dehesa el Milagro\">Read More<\/a><\/div><\/div><\/div><div class=\"fusion-clearfix\"><\/div><\/div>\n<\/article>\n<article id=\"blog-1-post-3359\" class=\"fusion-post-grid post-3359 post type-post status-publish format-standard has-post-thumbnail hentry category-uncategorized\">\n<div class=\"fusion-post-wrapper\" style=\"background-color:rgba(255,249,243,0);border:none;\">\n\n\t\t\t<div class=\"fusion-flexslider flexslider fusion-flexslider-loading fusion-post-slideshow\" style=\"border-color:rgba(255,255,255,0);\">\n\t\t<ul class=\"slides\">\n\t\t\t\n\t\t\t\t\t\t\t\t\t\t\t\t\t\t<li><div  class=\"fusion-image-wrapper\" aria-haspopup=\"true\">\n\t\t\t\t<img decoding=\"async\" width=\"715\" height=\"370\" src=\"https:\/\/dehesaelmilagro.bio\/wp-content\/uploads\/2020\/07\/dehesa_el_milagro_organic_food.jpg\" class=\"attachment-full size-full lazyload wp-post-image\" alt=\"\" srcset=\"data:image\/svg+xml,%3Csvg%20xmlns%3D%27http%3A%2F%2Fwww.w3.org%2F2000%2Fsvg%27%20width%3D%27715%27%20height%3D%27370%27%20viewBox%3D%270%200%20715%20370%27%3E%3Crect%20width%3D%27715%27%20height%3D%27370%27%20fill-opacity%3D%220%22%2F%3E%3C%2Fsvg%3E\" data-orig-src=\"https:\/\/dehesaelmilagro.bio\/wp-content\/uploads\/2020\/07\/dehesa_el_milagro_organic_food.jpg\" data-srcset=\"https:\/\/dehesaelmilagro.bio\/wp-content\/uploads\/2020\/07\/dehesa_el_milagro_organic_food-200x103.jpg 200w, https:\/\/dehesaelmilagro.bio\/wp-content\/uploads\/2020\/07\/dehesa_el_milagro_organic_food-400x207.jpg 400w, https:\/\/dehesaelmilagro.bio\/wp-content\/uploads\/2020\/07\/dehesa_el_milagro_organic_food-600x310.jpg 600w, https:\/\/dehesaelmilagro.bio\/wp-content\/uploads\/2020\/07\/dehesa_el_milagro_organic_food.jpg 715w\" data-sizes=\"auto\" \/><div class=\"fusion-rollover\">\n\t<div class=\"fusion-rollover-content\">\n\n\t\t\t\t\t\t\t\t\t\t\t\t\t\t<a class=\"fusion-rollover-link\" href=\"https:\/\/dehesaelmilagro.bio\/en\/dehesa-el-milagro-gana-el-premio-a-mejor-producto-innovador-en-productos-acabados-ecologicos\/\">Dehesa el Milagro gana el Premio a &#8220;Mejor producto innovador en productos acabados ecol\u00f3gicos&#8221;<\/a>\n\t\t\t\n\t\t\t\t\t\t\t\t\n\t\t\n\t\t\t\t\t\t\t\t\t\t\t\t<h4 class=\"fusion-rollover-title\">\n\t\t\t\t\t<a class=\"fusion-rollover-title-link\" href=\"https:\/\/dehesaelmilagro.bio\/en\/dehesa-el-milagro-gana-el-premio-a-mejor-producto-innovador-en-productos-acabados-ecologicos\/\">\n\t\t\t\t\t\tDehesa el Milagro gana el Premio a &#8220;Mejor producto innovador en productos acabados ecol\u00f3gicos&#8221;\t\t\t\t\t<\/a>\n\t\t\t\t<\/h4>\n\t\t\t\n\t\t\t\t\t\t\t\t\n\t\t\n\t\t\t\t\t\t<a class=\"fusion-link-wrapper\" href=\"https:\/\/dehesaelmilagro.bio\/en\/dehesa-el-milagro-gana-el-premio-a-mejor-producto-innovador-en-productos-acabados-ecologicos\/\" aria-label=\"Dehesa el Milagro gana el Premio a &#8220;Mejor producto innovador en productos acabados ecol\u00f3gicos&#8221;\"><\/a>\n\t<\/div>\n<\/div>\n<\/div>\n<\/li>\n\t\t\t\n\t\t\t\n\t\t\t\t\t\t\t\t\t\t\t\t\t\t\t\t\t\t\t\t\t\t\t\t\t\t\t\t\t\t\t\t\t\t\t\t\t\t\t\t\t\t\t\t\t\t\t\t\t\t\t\t\t\t\t\t\t\t\t\t\t\t\t\t\t\t\t\t<\/ul>\n\t<\/div>\n\t<div class=\"fusion-post-content-wrapper\" style=\"padding:60px 60px 60px 0;\"><div class=\"fusion-post-content post-content\"><h2 class=\"blog-shortcode-post-title entry-title\"><a href=\"https:\/\/dehesaelmilagro.bio\/en\/dehesa-el-milagro-gana-el-premio-a-mejor-producto-innovador-en-productos-acabados-ecologicos\/\">Dehesa el Milagro gana el Premio a &#8220;Mejor producto innovador en productos acabados ecol\u00f3gicos&#8221;<\/a><\/h2><span class=\"vcard\" style=\"display: none;\"><span class=\"fn\"><a href=\"https:\/\/dehesaelmilagro.bio\/en\/author\/boceto\/\" title=\"Posts by boceto\" rel=\"author\">boceto<\/a><\/span><\/span><span class=\"updated\" style=\"display:none;\">2022-02-15T09:31:58+00:00<\/span><div class=\"fusion-content-sep sep-none\"><\/div><div class=\"fusion-post-content-container\"><p>Organic Food Iberia, la feria ecol\u00f3gica m\u00e1s importante de Espa\u00f1a reuni\u00f3 a m\u00e1s de 5.000 profesionales.<\/p><\/div><\/div><div class=\"fusion-meta-info\"><div class=\"fusion-alignleft\"><a class=\"fusion-read-more\" href=\"https:\/\/dehesaelmilagro.bio\/en\/dehesa-el-milagro-gana-el-premio-a-mejor-producto-innovador-en-productos-acabados-ecologicos\/\" aria-label=\"More on Dehesa el Milagro gana el Premio a &#8220;Mejor producto innovador en productos acabados ecol\u00f3gicos&#8221;\">Read More<\/a><\/div><\/div><\/div><div class=\"fusion-clearfix\"><\/div><\/div>\n<\/article>\n<article id=\"blog-1-post-3355\" class=\"fusion-post-grid post-3355 post type-post status-publish format-standard has-post-thumbnail hentry category-uncategorized\">\n<div class=\"fusion-post-wrapper\" style=\"background-color:rgba(255,249,243,0);border:none;\">\n\n\t\t\t<div class=\"fusion-flexslider flexslider fusion-flexslider-loading fusion-post-slideshow\" style=\"border-color:rgba(255,255,255,0);\">\n\t\t<ul class=\"slides\">\n\t\t\t\n\t\t\t\t\t\t\t\t\t\t\t\t\t\t<li><div  class=\"fusion-image-wrapper\" aria-haspopup=\"true\">\n\t\t\t\t<img decoding=\"async\" width=\"1440\" height=\"960\" src=\"https:\/\/dehesaelmilagro.bio\/wp-content\/uploads\/2021\/11\/260669262_4459688697463082_731376746911841704_n.jpeg\" class=\"attachment-full size-full lazyload wp-post-image\" alt=\"\" srcset=\"data:image\/svg+xml,%3Csvg%20xmlns%3D%27http%3A%2F%2Fwww.w3.org%2F2000%2Fsvg%27%20width%3D%271440%27%20height%3D%27960%27%20viewBox%3D%270%200%201440%20960%27%3E%3Crect%20width%3D%271440%27%20height%3D%27960%27%20fill-opacity%3D%220%22%2F%3E%3C%2Fsvg%3E\" data-orig-src=\"https:\/\/dehesaelmilagro.bio\/wp-content\/uploads\/2021\/11\/260669262_4459688697463082_731376746911841704_n.jpeg\" data-srcset=\"https:\/\/dehesaelmilagro.bio\/wp-content\/uploads\/2021\/11\/260669262_4459688697463082_731376746911841704_n-200x133.jpeg 200w, https:\/\/dehesaelmilagro.bio\/wp-content\/uploads\/2021\/11\/260669262_4459688697463082_731376746911841704_n-400x267.jpeg 400w, https:\/\/dehesaelmilagro.bio\/wp-content\/uploads\/2021\/11\/260669262_4459688697463082_731376746911841704_n-600x400.jpeg 600w, https:\/\/dehesaelmilagro.bio\/wp-content\/uploads\/2021\/11\/260669262_4459688697463082_731376746911841704_n-800x533.jpeg 800w, https:\/\/dehesaelmilagro.bio\/wp-content\/uploads\/2021\/11\/260669262_4459688697463082_731376746911841704_n-1200x800.jpeg 1200w, https:\/\/dehesaelmilagro.bio\/wp-content\/uploads\/2021\/11\/260669262_4459688697463082_731376746911841704_n.jpeg 1440w\" data-sizes=\"auto\" \/><div class=\"fusion-rollover\">\n\t<div class=\"fusion-rollover-content\">\n\n\t\t\t\t\t\t\t\t\t\t\t\t\t\t<a class=\"fusion-rollover-link\" href=\"https:\/\/dehesaelmilagro.bio\/en\/dehesa-el-milagro-premio-fuera-de-serie-en-la-categoria-de-sostenibilidad-2\/\">Dehesa el Milagro, Premio &#8220;Fuera de Serie&#8221; en la categor\u00eda de Sostenibilidad<\/a>\n\t\t\t\n\t\t\t\t\t\t\t\t\n\t\t\n\t\t\t\t\t\t\t\t\t\t\t\t<h4 class=\"fusion-rollover-title\">\n\t\t\t\t\t<a class=\"fusion-rollover-title-link\" href=\"https:\/\/dehesaelmilagro.bio\/en\/dehesa-el-milagro-premio-fuera-de-serie-en-la-categoria-de-sostenibilidad-2\/\">\n\t\t\t\t\t\tDehesa el Milagro, Premio &#8220;Fuera de Serie&#8221; en la categor\u00eda de Sostenibilidad\t\t\t\t\t<\/a>\n\t\t\t\t<\/h4>\n\t\t\t\n\t\t\t\t\t\t\t\t\n\t\t\n\t\t\t\t\t\t<a class=\"fusion-link-wrapper\" href=\"https:\/\/dehesaelmilagro.bio\/en\/dehesa-el-milagro-premio-fuera-de-serie-en-la-categoria-de-sostenibilidad-2\/\" aria-label=\"Dehesa el Milagro, Premio &#8220;Fuera de Serie&#8221; en la categor\u00eda de Sostenibilidad\"><\/a>\n\t<\/div>\n<\/div>\n<\/div>\n<\/li>\n\t\t\t\n\t\t\t\n\t\t\t\t\t\t\t\t\t\t\t\t\t\t\t\t\t\t\t\t\t\t\t\t\t\t\t\t\t\t\t\t\t\t\t\t\t\t\t\t\t\t\t\t\t\t\t\t\t\t\t\t\t\t\t\t\t\t\t\t\t\t\t\t\t\t\t\t<\/ul>\n\t<\/div>\n\t<div class=\"fusion-post-content-wrapper\" style=\"padding:60px 60px 60px 0;\"><div class=\"fusion-post-content post-content\"><h2 class=\"blog-shortcode-post-title entry-title\"><a href=\"https:\/\/dehesaelmilagro.bio\/en\/dehesa-el-milagro-premio-fuera-de-serie-en-la-categoria-de-sostenibilidad-2\/\">Dehesa el Milagro, Premio &#8220;Fuera de Serie&#8221; en la categor\u00eda de Sostenibilidad<\/a><\/h2><span class=\"vcard\" style=\"display: none;\"><span class=\"fn\"><a href=\"https:\/\/dehesaelmilagro.bio\/en\/author\/milagro\/\" title=\"Posts by Chema\" rel=\"author\">Chema<\/a><\/span><\/span><span class=\"updated\" style=\"display:none;\">2022-02-15T09:26:21+00:00<\/span><div class=\"fusion-content-sep sep-none\"><\/div><div class=\"fusion-post-content-container\"><p>Organic Food Iberia, la feria ecol\u00f3gica m\u00e1s importante de Espa\u00f1a reuni\u00f3 a m\u00e1s de 5.000 profesionales.<\/p><\/div><\/div><div class=\"fusion-meta-info\"><div class=\"fusion-alignleft\"><a class=\"fusion-read-more\" href=\"https:\/\/dehesaelmilagro.bio\/en\/dehesa-el-milagro-premio-fuera-de-serie-en-la-categoria-de-sostenibilidad-2\/\" aria-label=\"More on Dehesa el Milagro, Premio &#8220;Fuera de Serie&#8221; en la categor\u00eda de Sostenibilidad\">Read More<\/a><\/div><\/div><\/div><div class=\"fusion-clearfix\"><\/div><\/div>\n<\/article>\n<div class=\"fusion-clearfix\"><\/div><\/div><\/div><\/div><\/div><\/div><\/div>\n","protected":false},"excerpt":{"rendered":"","protected":false},"author":1,"featured_media":3113,"parent":0,"menu_order":6,"comment_status":"closed","ping_status":"closed","template":"100-width.php","meta":{"footnotes":""},"class_list":["post-3136","page","type-page","status-publish","has-post-thumbnail","hentry"],"yoast_head":"<!-- This site is optimized with the Yoast SEO plugin v20.8 - https:\/\/yoast.com\/wordpress\/plugins\/seo\/ -->\n<title>News - Dehesa el Milagro<\/title>\n<meta name=\"robots\" content=\"noindex, follow, max-snippet:-1, max-image-preview:large, max-video-preview:-1\" \/>\n<meta property=\"og:locale\" content=\"en_US\" \/>\n<meta property=\"og:type\" content=\"article\" \/>\n<meta property=\"og:title\" content=\"News - Dehesa el Milagro\" \/>\n<meta property=\"og:url\" content=\"https:\/\/dehesaelmilagro.bio\/en\/news\/\" \/>\n<meta property=\"og:site_name\" content=\"Dehesa el Milagro\" \/>\n<meta property=\"article:modified_time\" content=\"2022-02-10T13:36:52+00:00\" \/>\n<meta property=\"og:image\" content=\"https:\/\/dehesaelmilagro.bio\/wp-content\/uploads\/2021\/10\/61D5197-1200x800-1.jpg\" \/>\n\t<meta property=\"og:image:width\" content=\"1200\" \/>\n\t<meta property=\"og:image:height\" content=\"800\" \/>\n\t<meta property=\"og:image:type\" content=\"image\/jpeg\" \/>\n<meta name=\"twitter:card\" content=\"summary_large_image\" \/>\n<meta name=\"twitter:label1\" content=\"Est. reading time\" \/>\n\t<meta name=\"twitter:data1\" content=\"4 minutes\" \/>\n<script type=\"application\/ld+json\" class=\"yoast-schema-graph\">{\"@context\":\"https:\/\/schema.org\",\"@graph\":[{\"@type\":\"WebPage\",\"@id\":\"https:\/\/dehesaelmilagro.bio\/en\/news\/\",\"url\":\"https:\/\/dehesaelmilagro.bio\/en\/news\/\",\"name\":\"News - Dehesa el Milagro\",\"isPartOf\":{\"@id\":\"https:\/\/dehesaelmilagro.bio\/#website\"},\"datePublished\":\"2021-10-23T11:00:12+00:00\",\"dateModified\":\"2022-02-10T13:36:52+00:00\",\"breadcrumb\":{\"@id\":\"https:\/\/dehesaelmilagro.bio\/en\/news\/#breadcrumb\"},\"inLanguage\":\"en-US\",\"potentialAction\":[{\"@type\":\"ReadAction\",\"target\":[\"https:\/\/dehesaelmilagro.bio\/en\/news\/\"]}]},{\"@type\":\"BreadcrumbList\",\"@id\":\"https:\/\/dehesaelmilagro.bio\/en\/news\/#breadcrumb\",\"itemListElement\":[{\"@type\":\"ListItem\",\"position\":1,\"name\":\"Portada\",\"item\":\"https:\/\/dehesaelmilagro.bio\/en\/\"},{\"@type\":\"ListItem\",\"position\":2,\"name\":\"News\"}]},{\"@type\":\"WebSite\",\"@id\":\"https:\/\/dehesaelmilagro.bio\/#website\",\"url\":\"https:\/\/dehesaelmilagro.bio\/\",\"name\":\"Dehesa el Milagro\",\"description\":\"Granja ecol\u00f3gica\",\"potentialAction\":[{\"@type\":\"SearchAction\",\"target\":{\"@type\":\"EntryPoint\",\"urlTemplate\":\"https:\/\/dehesaelmilagro.bio\/?s={search_term_string}\"},\"query-input\":\"required name=search_term_string\"}],\"inLanguage\":\"en-US\"}]}<\/script>\n<!-- \/ Yoast SEO plugin. -->","yoast_head_json":{"title":"News - Dehesa el Milagro","robots":{"index":"noindex","follow":"follow","max-snippet":"max-snippet:-1","max-image-preview":"max-image-preview:large","max-video-preview":"max-video-preview:-1"},"og_locale":"en_US","og_type":"article","og_title":"News - Dehesa el Milagro","og_url":"https:\/\/dehesaelmilagro.bio\/en\/news\/","og_site_name":"Dehesa el Milagro","article_modified_time":"2022-02-10T13:36:52+00:00","og_image":[{"width":1200,"height":800,"url":"https:\/\/dehesaelmilagro.bio\/wp-content\/uploads\/2021\/10\/61D5197-1200x800-1.jpg","type":"image\/jpeg"}],"twitter_card":"summary_large_image","twitter_misc":{"Est. reading time":"4 minutes"},"schema":{"@context":"https:\/\/schema.org","@graph":[{"@type":"WebPage","@id":"https:\/\/dehesaelmilagro.bio\/en\/news\/","url":"https:\/\/dehesaelmilagro.bio\/en\/news\/","name":"News - Dehesa el Milagro","isPartOf":{"@id":"https:\/\/dehesaelmilagro.bio\/#website"},"datePublished":"2021-10-23T11:00:12+00:00","dateModified":"2022-02-10T13:36:52+00:00","breadcrumb":{"@id":"https:\/\/dehesaelmilagro.bio\/en\/news\/#breadcrumb"},"inLanguage":"en-US","potentialAction":[{"@type":"ReadAction","target":["https:\/\/dehesaelmilagro.bio\/en\/news\/"]}]},{"@type":"BreadcrumbList","@id":"https:\/\/dehesaelmilagro.bio\/en\/news\/#breadcrumb","itemListElement":[{"@type":"ListItem","position":1,"name":"Portada","item":"https:\/\/dehesaelmilagro.bio\/en\/"},{"@type":"ListItem","position":2,"name":"News"}]},{"@type":"WebSite","@id":"https:\/\/dehesaelmilagro.bio\/#website","url":"https:\/\/dehesaelmilagro.bio\/","name":"Dehesa el Milagro","description":"Granja ecol\u00f3gica","potentialAction":[{"@type":"SearchAction","target":{"@type":"EntryPoint","urlTemplate":"https:\/\/dehesaelmilagro.bio\/?s={search_term_string}"},"query-input":"required name=search_term_string"}],"inLanguage":"en-US"}]}},"_links":{"self":[{"href":"https:\/\/dehesaelmilagro.bio\/en\/wp-json\/wp\/v2\/pages\/3136","targetHints":{"allow":["GET"]}}],"collection":[{"href":"https:\/\/dehesaelmilagro.bio\/en\/wp-json\/wp\/v2\/pages"}],"about":[{"href":"https:\/\/dehesaelmilagro.bio\/en\/wp-json\/wp\/v2\/types\/page"}],"author":[{"embeddable":true,"href":"https:\/\/dehesaelmilagro.bio\/en\/wp-json\/wp\/v2\/users\/1"}],"replies":[{"embeddable":true,"href":"https:\/\/dehesaelmilagro.bio\/en\/wp-json\/wp\/v2\/comments?post=3136"}],"version-history":[{"count":2,"href":"https:\/\/dehesaelmilagro.bio\/en\/wp-json\/wp\/v2\/pages\/3136\/revisions"}],"predecessor-version":[{"id":3308,"href":"https:\/\/dehesaelmilagro.bio\/en\/wp-json\/wp\/v2\/pages\/3136\/revisions\/3308"}],"wp:featuredmedia":[{"embeddable":true,"href":"https:\/\/dehesaelmilagro.bio\/en\/wp-json\/wp\/v2\/media\/3113"}],"wp:attachment":[{"href":"https:\/\/dehesaelmilagro.bio\/en\/wp-json\/wp\/v2\/media?parent=3136"}],"curies":[{"name":"wp","href":"https:\/\/api.w.org\/{rel}","templated":true}]}}